{"id":30,"date":"2021-12-24T18:53:45","date_gmt":"2021-12-24T17:53:45","guid":{"rendered":"https:\/\/fci5klub24306830.wordpress.com\/?page_id=30"},"modified":"2023-11-11T12:12:00","modified_gmt":"2023-11-11T11:12:00","slug":"vzreditelji","status":"publish","type":"page","link":"https:\/\/fci5klub.si\/?page_id=30","title":{"rendered":"Vzreditelji"},"content":{"rendered":"\n<p>Na spletni strani so objavljeni podatki o vzrediteljih, \u010dlanih kluba, ki vzrejajo pod okriljem Kinolo\u0161ke zveze Slovenije, vzreditelji iz tujine pa pod okriljem svoje kinolo\u0161ke organizacije, \u010dlanice Mednarodne kinolo\u0161ke zveze FCI (Federation Cynologique International).&nbsp;<\/p>\n\n\n\n<p>Vzreditelji, ki \u017eelite objavo va\u0161ih podatkov na spletni stani Kluba za nordijske pasme in \u0161pice Slovenije, po\u0161ljite svoje podatke (Ime psarne, \u010de je registrirana, ime in priimek vzreditelja ter njegovi kontaktni podatki) na naslov <a href=\"mailto:fci5klub@gmail.com\">fci5klub@gmail.com<\/a><\/p>\n\n\n\n<h2 class=\"wp-block-heading\" id=\"aljaski-malamut\"><strong>Alja\u0161ki malamut<\/strong><\/h2>\n\n\n\n<h3 class=\"wp-block-heading\" id=\"hajndlberg\"><strong>HAJNDLBERG<\/strong><\/h3>\n\n\n\n<p>Petra Pleh<br>Hajndl 6h, 2274 Velika Nedelja<br>Tel.: 031 229 591<br>E-mail:&nbsp;<a href=\"mailto:hajndlberg@gmail.com\">hajndlberg@gmail.com<\/a><\/p>\n\n\n\n<h3 class=\"wp-block-heading\" id=\"hajndlberg\"><strong>SLOVENIAN WOLF<\/strong><\/h3>\n\n\n\n<p>Aleksander in Anja Justinek<br>Ugovec 8b, 2317 Oplotnica<br>Tel: 040 422 604, 040 160 710 in 02 8036 379<br>E-mail:&nbsp;<a href=\"mailto:anja.justinek@gmail.com\">anja.justinek@gmail.com<\/a>&nbsp;in&nbsp;<a href=\"mailto:aleksander.justinek@gmail.com\">aleksander.justinek@gmail.com<\/a> <\/p>\n\n\n\n<h2 class=\"wp-block-heading\" id=\"mali-nemski-spic\"><strong>Faraonski pes<\/strong><\/h2>\n\n\n\n<h3 class=\"wp-block-heading\" id=\"moetica-mylegend\"><strong>PHARASAL<\/strong><\/h3>\n\n\n\n<p>Dora Levstek<br>1000 Ljubljana<br>Tel: 051 807 517<br>E-mail:\u00a0<a href=\"mailto:info@pharasalkennel.com\">info@pharasalkennel.com<\/a><br>Spletna stran: <a href=\"https:\/\/pharasalkennel.com\" data-type=\"link\" data-id=\"https:\/\/pharasalkennel.com\">https:\/\/pharasalkennel.com<\/a><\/p>\n\n\n\n<h2 class=\"wp-block-heading\" id=\"mali-nemski-spic\"><strong>Finski laponski pes<\/strong><\/h2>\n\n\n\n<h3 class=\"wp-block-heading\" id=\"moetica-mylegend\"><strong>LOVE FROM THE NORTH<\/strong><\/h3>\n\n\n\n<p>Sre\u010dko Klinar&nbsp;<br>Kompole 32&nbsp;<br>3220 \u0160tore <br>Tel: 041265215&nbsp; <br>E-mail: <a href=\"mailto:klinar.srecko@gmail.com\">klinar.srecko@gmail.com<\/a><\/p>\n\n\n\n<h2 class=\"wp-block-heading\" id=\"mali-nemski-spic\"><strong>Japonski \u0161pic<\/strong><\/h2>\n\n\n\n<h3 class=\"wp-block-heading\" id=\"moetica-mylegend\"><strong>PLUSHLANDIA<\/strong><\/h3>\n\n\n\n<p>Yuliya Malinina<br>Preloge 31, 2316 Zgornja Lo\u017enica<br>Tel: 069 682 615<br>E-mail:&nbsp;<a href=\"mailto:moeticaa@gmail.com\">plushlandia@gmail.com<\/a><br>FB stran:&nbsp;<a href=\"https:\/\/www.facebook.com\/plushlandia\">https:\/\/www.facebook.com\/plushlandia<\/a><br>Spletna stran:&nbsp;<a href=\"https:\/\/plushlandia.com\/\">https:\/\/plushlandia.com\/<\/a><\/p>\n\n\n\n<h2 class=\"wp-block-heading\" id=\"mali-nemski-spic\"><strong>Mali nem\u0161ki \u0161pic<\/strong><\/h2>\n\n\n\n<h3 class=\"wp-block-heading\" id=\"moetica-mylegend\"><strong>MOETICA &amp; MYLEGEND<\/strong><\/h3>\n\n\n\n<p>Darko in Maja Koro\u0161ec<br>2314 Zg. Polskava<br>Tel: 041 955 515<br>E-mail:&nbsp;<a href=\"mailto:moeticaa@gmail.com\" target=\"_blank\" rel=\"noreferrer noopener\">moeticaa@gmail.com<\/a><br>FB stran: <a href=\"https:\/\/www.facebook.com\/maja.korosec.16\/\" target=\"_blank\" rel=\"noreferrer noopener\">https:\/\/www.facebook.com\/maja.korosec.16\/<\/a><br>Spletna stran:&nbsp;<a href=\"http:\/\/www.moetica.com\/\" target=\"_blank\" rel=\"noreferrer noopener\">moetica.com<\/a><\/p>\n\n\n\n<h2 class=\"wp-block-heading\" id=\"nemski-volcji-spic\"><strong>Nem\u0161ki vol\u010dji \u0161pic<\/strong><\/h2>\n\n\n\n<h3 class=\"wp-block-heading\" id=\"moetica-mylegend\"><strong>MOETICA &amp; MYLEGEND<\/strong><\/h3>\n\n\n\n<p>Darko in Maja Koro\u0161ec<br>2314 Zg. Polskava<br>Tel: 041 955 515<br>E-mail:&nbsp;<a rel=\"noreferrer noopener\" href=\"mailto:moeticaa@gmail.com\" target=\"_blank\">moeticaa@gmail.com<\/a><br>FB stran: <a rel=\"noreferrer noopener\" href=\"https:\/\/www.facebook.com\/maja.korosec.16\/\" target=\"_blank\">https:\/\/www.facebook.com\/maja.korosec.16\/<\/a><br>Spletna stran:&nbsp;<a rel=\"noreferrer noopener\" href=\"http:\/\/www.moetica.com\/\" target=\"_blank\">moetica.com<\/a><\/p>\n\n\n\n<h2 class=\"wp-block-heading\" id=\"pomeranec\"><strong>Pomeranec<\/strong><\/h2>\n\n\n\n<h3 class=\"wp-block-heading\"><strong>MOETICA &amp; MYLEGEND<\/strong><\/h3>\n\n\n\n<p>Darko in Maja Koro\u0161ec<br>2314 Zg. Polskava<br>Tel: 041 955 515<br>E-mail:&nbsp;<a rel=\"noreferrer noopener\" href=\"mailto:moeticaa@gmail.com\" target=\"_blank\">moeticaa@gmail.com<\/a><br>FB stran: <a rel=\"noreferrer noopener\" href=\"https:\/\/www.facebook.com\/maja.korosec.16\/\" target=\"_blank\">https:\/\/www.facebook.com\/maja.korosec.16\/<\/a><br>Spletna stran:&nbsp;<a rel=\"noreferrer noopener\" href=\"http:\/\/www.moetica.com\/\" target=\"_blank\">moetica.com<\/a><\/p>\n\n\n\n<h3 class=\"wp-block-heading\"><strong>TINY REBELLION<\/strong><\/h3>\n\n\n\n<p>Laura Gri\u010dnik<br>Grajena 28c<br>2250 Ptuj<br>Tel: 041 619 954<br>E-mail:&nbsp;<a rel=\"noreferrer noopener\" href=\"mailto:tinyrebellion@pomeranian.eu\" target=\"_blank\">tinyrebellion@pomeranian.eu<\/a><\/p>\n\n\n\n<h2 class=\"wp-block-heading\" id=\"samojed\"><strong><strong>Samojed<\/strong><\/strong><\/h2>\n\n\n\n<h3 class=\"wp-block-heading\"><strong><strong>BLANJA POLAR<\/strong><\/strong><\/h3>\n\n\n\n<p>Marta Bandur<br>Star\u0161e 87a, 2205 Star\u0161e<br>Tel: 041 214 949<br>E-mail: <a href=\"mailto:marta.bandur@guest.arnes.si\">marta.bandur@guest.arnes.si<\/a><br>Spletna stran: <a href=\"http:\/\/www.blanjapolar.si\">www.blanjapolar.si<\/a><\/p>\n\n\n\n<h3 class=\"wp-block-heading\"><strong><strong>ICEBERG QUEEN<\/strong><\/strong><\/h3>\n\n\n\n<p>Matejka Celarc Per\u010di\u010d in Igor Per\u010di\u010d<br>Celar\u010deva 14a, 1111 Ljubljana<br>Tel: 041 414 344<br>E-mail:&nbsp;<a href=\"mailto:matejacelarc.percic@gmail.com\">matejacelarc.percic@gmail.com<\/a>,&nbsp;<a href=\"mailto:ak.samojed@gmail.com\">ak.samojed@gmail.com<\/a><br>Spletna stran:&nbsp;<a href=\"http:\/\/iceberg-queen.com\/\">iceberg-queen.com<\/a><\/p>\n\n\n\n<h2 class=\"wp-block-heading\" id=\"sibirski-husky\"><strong><strong><strong>Sibirski husky<\/strong><\/strong><\/strong><\/h2>\n\n\n\n<h3 class=\"wp-block-heading\"><strong><strong><strong>BLUEWINNER<\/strong><\/strong><\/strong><\/h3>\n\n\n\n<p>Vesna in Ivan Pildek<br>Zgornja Hajdina 167, 2288 Hajdina<br>Tel:\u00a0 031 316 037<br>E-mail:\u00a0<a href=\"mailto:bluewinner.siberians@gmail.com\">bluewinner.siberians@gmail.com<\/a>\u00a0<\/p>\n\n\n\n<h2 class=\"wp-block-heading\">\u0160iba<\/h2>\n\n\n\n<h3 class=\"wp-block-heading\">HIMITSU NO TAKARA<\/h3>\n\n\n\n<p>Nina \u0160ebjani\u010d &amp; Martin \u0160pilak<br>9202 Ma\u010dkovci<br>Tel: 030 386 317 (Nina), 070 558 307 (Martin)<br>E-mail: <a href=\"mailto:himitsunotakarakennel@gmail.com\" data-type=\"mailto\" data-id=\"mailto:himitsunotakarakennel@gmail.com\">himitsunotakarakennel@gmail.com<\/a> <br>Facebook: <a href=\"https:\/\/m.facebook.com\/himitsunotakara\/\" data-type=\"URL\" data-id=\"https:\/\/m.facebook.com\/himitsunotakara\/\">https:\/\/m.facebook.com\/himitsunotakara\/<\/a><br>Instagram: <a href=\"https:\/\/www.instagram.com\/himitsu_no_takara\/\" data-type=\"URL\" data-id=\"https:\/\/www.instagram.com\/himitsu_no_takara\/\">https:\/\/www.instagram.com\/himitsu_no_takara\/<\/a><br><\/p>\n","protected":false},"excerpt":{"rendered":"<p>Na spletni strani so objavljeni podatki o vzrediteljih, \u010dlanih kluba, ki vzrejajo pod okriljem Kinolo\u0161ke zveze Slovenije, vzreditelji iz tujine pa pod okriljem svoje kinolo\u0161ke organizacije, \u010dlanice Mednarodne kinolo\u0161ke zveze FCI (Federation Cynologique International).&nbsp; Vzreditelji, ki \u017eelite objavo va\u0161ih podatkov na spletni stani Kluba za nordijske pasme in \u0161pice Slovenije, po\u0161ljite svoje podatke (Ime psarne,&hellip; <br \/> <a class=\"read-more\" href=\"https:\/\/fci5klub.si\/?page_id=30\">Read more<\/a><\/p>\n","protected":false},"author":1,"featured_media":0,"parent":0,"menu_order":0,"comment_status":"closed","ping_status":"closed","template":"","meta":{"footnotes":""},"class_list":["post-30","page","type-page","status-publish","hentry"],"aioseo_notices":[],"_links":{"self":[{"href":"https:\/\/fci5klub.si\/index.php?rest_route=\/wp\/v2\/pages\/30","targetHints":{"allow":["GET"]}}],"collection":[{"href":"https:\/\/fci5klub.si\/index.php?rest_route=\/wp\/v2\/pages"}],"about":[{"href":"https:\/\/fci5klub.si\/index.php?rest_route=\/wp\/v2\/types\/page"}],"author":[{"embeddable":true,"href":"https:\/\/fci5klub.si\/index.php?rest_route=\/wp\/v2\/users\/1"}],"replies":[{"embeddable":true,"href":"https:\/\/fci5klub.si\/index.php?rest_route=%2Fwp%2Fv2%2Fcomments&post=30"}],"version-history":[{"count":14,"href":"https:\/\/fci5klub.si\/index.php?rest_route=\/wp\/v2\/pages\/30\/revisions"}],"predecessor-version":[{"id":699,"href":"https:\/\/fci5klub.si\/index.php?rest_route=\/wp\/v2\/pages\/30\/revisions\/699"}],"wp:attachment":[{"href":"https:\/\/fci5klub.si\/index.php?rest_route=%2Fwp%2Fv2%2Fmedia&parent=30"}],"curies":[{"name":"wp","href":"https:\/\/api.w.org\/{rel}","templated":true}]}}