{"id":28,"date":"2021-12-24T18:53:23","date_gmt":"2021-12-24T17:53:23","guid":{"rendered":"https:\/\/fci5klub24306830.wordpress.com\/?page_id=28"},"modified":"2026-03-02T19:17:02","modified_gmt":"2026-03-02T18:17:02","slug":"prireditve","status":"publish","type":"page","link":"https:\/\/fci5klub.si\/?page_id=28","title":{"rendered":"Top Dog"},"content":{"rendered":"\n<h2 class=\"wp-block-heading has-accent-color has-text-color\">Top Dog 2025<\/h2>\n\n\n\n<p>Klub za nordijske pasme in \u0161pice Slovenije vabi svoje \u010dlane, da sodelujejo v tekmovanju Top Dog 2025, kjer bodo izbrani razstavno najuspe\u0161nej\u0161i predstavniki posameznih pasem in v absolutni konkurenci.&nbsp;<\/p>\n\n\n\n<h3 class=\"wp-block-heading\">Pogoji za TOP DOG 2025<\/h3>\n\n\n\n<p>Sodeluje lahko vsak pes,&nbsp;<strong>katerega lastnik je \u010dlan<\/strong>&nbsp;Kluba za nordijske pasme in \u0161pice Slovenije.&nbsp;<\/p>\n\n\n\n<ul class=\"wp-block-list\">\n<li>Upo\u0161tevali se bodo rezultati najve\u010d 10-ih razstav v letu 2025 po izboru lastnika.<\/li>\n\n\n\n<li>Dokazila, ki jih je potrebno poslati so: kopija ocenjevalnega lista, kopija kataloga in dokazilo o uvrstitvi v defileju (slika ali objavljeni rezultati organizatorja).<\/li>\n\n\n\n<li>Rezultati&nbsp; evropske razstave (EDS) bodo ocenjeni z dvojnimi to\u010dkami (x2) in svetovne razstave (WDS) s trojnimi to\u010dkami (x3).<\/li>\n\n\n\n<li><strong>Rok za prijavo<\/strong> na tekmovanje je <strong>5. 3. 2026<\/strong>.<\/li>\n\n\n\n<li>Vodji tekmovanja sta \u0160pela Pleh in Ma\u0161a Koro\u0161ec. Prosimo, da vse materiale po\u0161ljete na <strong>e-naslov&nbsp;<a href=\"mailto:fci5klub@gmail.com\">fci5klub@gmail.com<\/a><\/strong> ali po navadni po\u0161ti na naslov: Klub za nordijske pasme in \u0161pice Slovenije, Top Dog, Hajndl 6h, 2274 Velika Nedelja.<\/li>\n<\/ul>\n\n\n\n<p>Informacije so na voljo po e-po\u0161ti:&nbsp;<a href=\"mailto:fci5klub@gmail.com\">fci5klub@gmail.com<\/a><\/p>\n\n\n\n<h3 class=\"wp-block-heading\">To\u010dkovnik<\/h3>\n\n\n\n<figure class=\"wp-block-table\"><table class=\"has-fixed-layout\"><tbody><tr><td><strong>Naslov<\/strong><\/td><td><strong>\u0160tevilo to\u010dk<\/strong><\/td><\/tr><tr><td>PRM<\/td><td>2<\/td><\/tr><tr><td>Junior BOB<\/td><td>3<\/td><\/tr><tr><td>PRV<\/td><td>2<\/td><\/tr><tr><td>Veteran BOB<\/td><td>3<\/td><\/tr><tr><td>CAC<\/td><td>2<\/td><\/tr><tr><td>CACIB<\/td><td>4<\/td><\/tr><tr><td>BOS<\/td><td>4<\/td><\/tr><tr><td>BOB<\/td><td>5<\/td><\/tr><tr><td>BIS Junior 3.<\/td><td>10<\/td><\/tr><tr><td>BIS Junior 2.<\/td><td>12<\/td><\/tr><tr><td>BIS Junior 1.<\/td><td>15<\/td><\/tr><tr><td>BIS Veteran 3.<\/td><td>10<\/td><\/tr><tr><td>BIS Veteran 2.<\/td><td>12<\/td><\/tr><tr><td>BIS Veteran 1.<\/td><td>15<\/td><\/tr><tr><td>BOG 3.<\/td><td>8<\/td><\/tr><tr><td>BOG 2.<\/td><td>9<\/td><\/tr><tr><td>BOG 1.<\/td><td>10<\/td><\/tr><tr><td>BISS 3.<\/td><td>8<\/td><\/tr><tr><td>BISS 2.<\/td><td>9<\/td><\/tr><tr><td>BISS 1.<\/td><td>10<\/td><\/tr><tr><td>BIS 3.<\/td><td>15<\/td><\/tr><tr><td>BIS 2.<\/td><td>17<\/td><\/tr><tr><td>BIS 1.<\/td><td>20<\/td><\/tr><\/tbody><\/table><\/figure>\n\n\n\n<p>Za vsakega premaganega psa v pasmi se pri\u0161teje 1 to\u010dka.<\/p>\n","protected":false},"excerpt":{"rendered":"<p>Top Dog 2025 Klub za nordijske pasme in \u0161pice Slovenije vabi svoje \u010dlane, da sodelujejo v tekmovanju Top Dog 2025, kjer bodo izbrani razstavno najuspe\u0161nej\u0161i predstavniki posameznih pasem in v absolutni konkurenci.&nbsp; Pogoji za TOP DOG 2025 Sodeluje lahko vsak pes,&nbsp;katerega lastnik je \u010dlan&nbsp;Kluba za nordijske pasme in \u0161pice Slovenije.&nbsp; Informacije so na voljo po&hellip; <br \/> <a class=\"read-more\" href=\"https:\/\/fci5klub.si\/?page_id=28\">Read more<\/a><\/p>\n","protected":false},"author":1,"featured_media":0,"parent":0,"menu_order":0,"comment_status":"closed","ping_status":"closed","template":"","meta":{"footnotes":""},"class_list":["post-28","page","type-page","status-publish","hentry"],"aioseo_notices":[],"_links":{"self":[{"href":"https:\/\/fci5klub.si\/index.php?rest_route=\/wp\/v2\/pages\/28","targetHints":{"allow":["GET"]}}],"collection":[{"href":"https:\/\/fci5klub.si\/index.php?rest_route=\/wp\/v2\/pages"}],"about":[{"href":"https:\/\/fci5klub.si\/index.php?rest_route=\/wp\/v2\/types\/page"}],"author":[{"embeddable":true,"href":"https:\/\/fci5klub.si\/index.php?rest_route=\/wp\/v2\/users\/1"}],"replies":[{"embeddable":true,"href":"https:\/\/fci5klub.si\/index.php?rest_route=%2Fwp%2Fv2%2Fcomments&post=28"}],"version-history":[{"count":18,"href":"https:\/\/fci5klub.si\/index.php?rest_route=\/wp\/v2\/pages\/28\/revisions"}],"predecessor-version":[{"id":1196,"href":"https:\/\/fci5klub.si\/index.php?rest_route=\/wp\/v2\/pages\/28\/revisions\/1196"}],"wp:attachment":[{"href":"https:\/\/fci5klub.si\/index.php?rest_route=%2Fwp%2Fv2%2Fmedia&parent=28"}],"curies":[{"name":"wp","href":"https:\/\/api.w.org\/{rel}","templated":true}]}}