{"id":24,"date":"2021-12-24T18:52:22","date_gmt":"2021-12-24T17:52:22","guid":{"rendered":"https:\/\/fci5klub24306830.wordpress.com\/?page_id=24"},"modified":"2022-03-01T18:01:32","modified_gmt":"2022-03-01T18:01:32","slug":"pasme","status":"publish","type":"page","link":"https:\/\/fci5klub.si\/?page_id=24","title":{"rendered":"Pasme"},"content":{"rendered":"\n<p>Pod okrilje Kluba za nordijske pasme in \u0161pice Slovenije spadajo pasme 5. FCI skupine. Veljavne standarde so objavljeni na <a href=\"http:\/\/www.fci.be\/en\/Nomenclature\/\" target=\"_blank\" rel=\"noreferrer noopener\">spletni strani FCI<\/a>.<\/p>\n\n\n\n<h3 class=\"alignwide wp-block-heading\" id=\"1-nordijski-vlecni-psi\"><strong>1. Nordijski vle\u010dni psi<\/strong><\/h3>\n\n\n\n<figure class=\"wp-block-table alignwide is-style-stripes\"><table class=\"has-fixed-layout\"><thead><tr><th><strong><strong>Originalno ime<\/strong><\/strong><\/th><th><strong>Angle\u0161ko ime<\/strong><\/th><th><strong>Slovensko ime<\/strong><\/th><\/tr><\/thead><tbody><tr><td>Canadian Eskimo Dog<\/td><td>Canadian Eskimo Dog<\/td><td>Kanadski eskimo<\/td><\/tr><tr><td>Gr\u00f8nlandshund<\/td><td>Greenland Dog<\/td><td>Grenlandec<\/td><\/tr><tr><td>Samoiedskaia Sabaka<\/td><td>Samoyed<\/td><td>Samojed<\/td><\/tr><tr><td>Alaskan Malamute<\/td><td>Alaskan Malamute<\/td><td>Alja\u0161ki malamut<\/td><\/tr><tr><td>Siberian Husky<\/td><td>Siberian Husky<\/td><td>Sibirski husky<\/td><\/tr><\/tbody><\/table><\/figure>\n\n\n\n<h3 class=\"alignwide wp-block-heading\" id=\"1-nordijski-vlecni-psi\"><strong>2. Nordijski lovski psi<\/strong><\/h3>\n\n\n\n<figure class=\"wp-block-table alignwide is-style-stripes\"><table class=\"has-fixed-layout\"><thead><tr><th><strong><strong>Originalno ime<\/strong><\/strong><\/th><th><strong>Angle\u0161ko ime<\/strong><\/th><th><strong>Slovensko ime<\/strong><\/th><\/tr><\/thead><tbody><tr><td>Suomenpystykorva<\/td><td>Finnish Spitz<\/td><td>Finski \u0161pic<\/td><\/tr><tr><td>Karjalankarhukoira<\/td><td>Karelian Bear Dog<\/td><td>Karelijski medvedar<\/td><\/tr><tr><td>Norsk Elghund sort<\/td><td>(Norwegian Elkhound black<\/td><td>Norve\u0161ki \u010drni losar<\/td><\/tr><tr><td>Norsk Elghund gr\u00e5<\/td><td>Norwegian Elkhound grey<\/td><td>Norve\u0161ki sivi losar<\/td><\/tr><tr><td>Norsk Lundehund<\/td><td>Norwegian Lundehund<\/td><td>Norve\u0161ki lundehund<\/td><\/tr><tr><td>Vostotchno-Sibirskaia Laika<\/td><td>East-Siberian Laika<\/td><td>Vzhodnosibirska lajka<\/td><\/tr><tr><td>Russko-Evropeiskaia Laika<\/td><td>Russian-European Laika<\/td><td>Rusko-evropska lajka<\/td><\/tr><tr><td>Zapadno-Sibirskaia Laika<\/td><td>West-Siberian Laika<\/td><td>Zahodnosibirska lajka<\/td><\/tr><tr><td>J\u00e4mthund<\/td><td>Jamthund<\/td><td>\u0160vedski losar (jamtlandski pes)<\/td><\/tr><\/tbody><\/table><\/figure>\n\n\n\n<h3 class=\"alignwide wp-block-heading\" id=\"3-nordijski-cuvaji-in-ovcarski-psi\">3.<strong> Nordijski \u010duvaji in ov\u010darski psi<\/strong><\/h3>\n\n\n\n<figure class=\"wp-block-table alignwide is-style-stripes\"><table class=\"has-fixed-layout\"><thead><tr><th><strong><strong>Originalno ime<\/strong><\/strong><\/th><th><strong>Angle\u0161ko ime<\/strong><\/th><th><strong>Slovensko ime<\/strong><\/th><\/tr><\/thead><tbody><tr><td>Suomenlapinkoira<\/td><td>Finnish Lapphund<\/td><td>Finski laponski pes<\/td><\/tr><tr><td>Lapinporokoira<\/td><td>Lapponian Herder<\/td><td>Finski laponski ov\u010dar<\/td><\/tr><tr><td>Islenskur Fj\u00e1rhundur<\/td><td>Icelandic Sheepdog<\/td><td>Islandski ov\u010dar<\/td><\/tr><tr><td>Norsk Buhund<\/td><td>Norwegian Buhund<\/td><td>Norve\u0161ki ov\u010dar<\/td><\/tr><tr><td>Svensk Lapphund<\/td><td>Swedish Lapphund<\/td><td>\u0160vedski laponski pes<\/td><\/tr><tr><td>V\u00e4stg\u00f6taspets<\/td><td>Swedish Vallhund<\/td><td>\u0160vedski vallhund (ov\u010dar)<\/td><\/tr><\/tbody><\/table><\/figure>\n\n\n\n<h3 class=\"alignwide wp-block-heading\" id=\"1-nordijski-vlecni-psi\"><strong><strong>4. Evropski \u0161pici<\/strong><\/strong><\/h3>\n\n\n\n<figure class=\"wp-block-table alignwide is-style-stripes\"><table class=\"has-fixed-layout\"><thead><tr><th><strong><strong>Originalno ime<\/strong><\/strong><\/th><th><strong>Angle\u0161ko ime<\/strong><\/th><th><strong>Slovensko ime<\/strong><\/th><\/tr><\/thead><tbody><tr><td>Deutscher Spitz:<br>  a) Wolfspitz<br>  b) Grossspitz:<br>    &#8211; weiss<br>    &#8211; altfarben (braun, schwarz)<br>  c) Mittelspitz:<br>    &#8211; weiss<br>    &#8211; neufarben (orange, graugewolkt, andersfarbig)<br>    &#8211; altfarben (braun, schwarz)<br>  d) Kleinspitz:<br>    &#8211; weiss<br>    &#8211; neufarben (orange, graugewolkt, andersfarbig)<br>    &#8211; altfarben (braun, schwarz)<br>  e) Zwergspitz<\/td><td>German Spitz:<br>  a) Keeshond<br>  b) Giant Spitz:<br>    &#8211; white<br>    &#8211; brown, black<br>  c) Medium Spitz:<br>    &#8211; white<br>    &#8211; orange, grey shaded, other colors<br>    &#8211; brown, black<br>  d) Miniature Spitz:<br>    &#8211; white<br>    &#8211; orange, grey shaded, other colors<br>    &#8211; brown, black<br>  e) Pomeranian<\/td><td>Nem\u0161ki \u0161pic:<br>  a) Vol\u010dji \u0161pic<br>  b) Veliki \u0161pic:<br>    &#8211; beli<br>    &#8211; rjavi ali \u010drni<br>  c) Srednji \u0161pic:<br>    &#8211; beli<br>    &#8211; drugih barv<br>    &#8211; rjavi ali \u010drni<br> d) Mali \u0161pic:<br>    &#8211; beli<br>    &#8211; drugih barv<br>    &#8211; rjavi ali \u010drni<br> e) Pritlikavi \u0161pic &#8211; pomeranec<\/td><\/tr><tr><td>Volpino Italiano<\/td><td>Italian Volpino<\/td><td>Italijanski \u0161pic<\/td><\/tr><\/tbody><\/table><\/figure>\n\n\n\n<h3 class=\"alignwide wp-block-heading\" id=\"1-nordijski-vlecni-psi\"><strong><strong>5. Azijski \u0161pici in sorodne pasme<\/strong><\/strong><\/h3>\n\n\n\n<figure class=\"wp-block-table alignwide is-style-stripes\"><table class=\"has-fixed-layout\"><thead><tr><th><strong><strong>Originalno ime<\/strong><\/strong><\/th><th><strong>Angle\u0161ko ime<\/strong><\/th><th><strong>Slovensko ime<\/strong><\/th><\/tr><\/thead><tbody><tr><td>Chow Chow<\/td><td>Chow Chow<\/td><td>\u010cov-\u010dov<\/td><\/tr><tr><td>Eurasier<\/td><td>Eurasian<\/td><td>Evrazijec<\/td><\/tr><tr><td>Akita<\/td><td>Akita<\/td><td>Akita<\/td><\/tr><tr><td>American Akita<\/td><td>American Akita<\/td><td>Ameri\u0161ki akita<\/td><\/tr><tr><td>Hokkaido<\/td><td>Hokkaido<\/td><td>Hokaido<\/td><\/tr><tr><td>Nihon Supittsu<\/td><td>Japanese Spitz<\/td><td>Japonski \u0161pic<\/td><\/tr><tr><td>Kai<\/td><td>Kai<\/td><td>Kai<\/td><\/tr><tr><td>Kishu<\/td><td>Kishu<\/td><td>Ki\u0161u<\/td><\/tr><tr><td>Shiba<\/td><td>Shiba<\/td><td>\u0160iba<\/td><\/tr><tr><td>Shikoku<\/td><td>Shikoku<\/td><td>\u0160ikoku<\/td><\/tr><tr><td>Korea Jindo Dog<\/td><td>Korea Jindo Dog<\/td><td>Korejski jindo pes<\/td><\/tr><\/tbody><\/table><\/figure>\n\n\n\n<h3 class=\"alignwide wp-block-heading\" id=\"1-nordijski-vlecni-psi\"><strong><strong>6. Pratipski psi<\/strong><\/strong><\/h3>\n\n\n\n<figure class=\"wp-block-table alignwide is-style-stripes\"><table class=\"has-fixed-layout\"><thead><tr><th><strong><strong>Originalno ime<\/strong><\/strong><\/th><th><strong>Angle\u0161ko ime<\/strong><\/th><th><strong><strong>Origin<strong>Slovensko ime<\/strong>alno ime<\/strong><\/strong><\/th><\/tr><\/thead><tbody><tr><td>Basenji<\/td><td>Basenji<\/td><td>Basenji<\/td><\/tr><tr><td>Canaan Dog<\/td><td>Canaan Dog<\/td><td>Kanaanski pes<\/td><\/tr><tr><td>Pharaoh Hound<\/td><td>Pharaoh Hound<\/td><td>Faraonski pes<\/td><\/tr><tr><td>Xoloitzquintle:<br>&#8211; miniatura<br>&#8211; intermedia<br>&#8211; standard<\/td><td>Xoloitzquintle:<br>&#8211; miniatura<br>&#8211; intermedia<br>&#8211; standard<\/td><td>Mehi\u0161ki goli pes:<br>&#8211; mali<br>&#8211; srednji<br>&#8211; veliki<\/td><\/tr><tr><td>Perro sin pelo del Peru:<br>&#8211; miniatura<br>&#8211; intermedia<br>&#8211; standard<\/td><td>Peruvian Hairless Dog:<br>&#8211; miniatura<br>&#8211; intermedia<br>&#8211; standard<\/td><td>Perujski goli pes:<br>&#8211; mali<br>&#8211; srednji<br>&#8211; veliki<\/td><\/tr><\/tbody><\/table><\/figure>\n\n\n\n<h3 class=\"alignwide wp-block-heading\" id=\"1-nordijski-vlecni-psi\"><strong><strong>7. Pratipski lovski psi<\/strong><\/strong><\/h3>\n\n\n\n<figure class=\"wp-block-table alignwide is-style-stripes\"><table class=\"has-fixed-layout\"><thead><tr><th><strong><strong>Originalno ime<\/strong><\/strong><\/th><th><strong>Angle\u0161ko ime<\/strong><\/th><th><strong>Slovensko ime<\/strong><\/th><\/tr><\/thead><tbody><tr><td>Cirneco dell&#8217;Etna<\/td><td>Cirneco dell&#8217;Etna<\/td><td>Cirneco dell&#8217;Etna<\/td><\/tr><tr><td>Podengo Portugu\u00eas:<br>  a) pequeno:<br>    &#8211; pelo cerdoso<br>    &#8211; pelo liso<br>  b) medio:<br>    &#8211; pelo cerdoso<br>    &#8211; pelo liso<br>  c) grande:<br>    &#8211; pelo cerdoso<br>    &#8211; pelo liso<\/td><td>Portuguese Warren Hound:<br>  a) small:<br>    &#8211; long and wire-haired<br>    &#8211; smooth and short haired<br>  b) medium:<br>    &#8211; long and wire-haired<br>    &#8211; smooth and short haired<br>  c) large:<br>    &#8211; long and wire-haired<br>    &#8211; smooth and short haired<\/td><td>Portugalski podengo:<br>  a) mali:<br>    &#8211; ostrodlaki<br>    &#8211; kratkodlaki<br>  b) srednji:<br>    &#8211; ostrodlaki<br>    &#8211; kratkodlaki<br>  c) veliki:<br>    &#8211; ostrodlaki<br>    &#8211; kratkodlaki<\/td><\/tr><tr><td>Podenco Canario<\/td><td>Canarian Warren Hound<\/td><td>Kanarski podenco<\/td><\/tr><tr><td>Podenco Ibicenco:<br>  a) liso<br>  b) duro<\/td><td>Ibizan Podenco:<br>  a) smooth-haired<br>  b) rough-haired<\/td><td>Podenco Ibicenco:<br>  a) kratkodlaki<br>  b) ostrodlaki<\/td><\/tr><tr><td>Taiwan Dog<\/td><td>Taiwan Dog<\/td><td>Tajvanski pes<\/td><\/tr><tr><td>Thai Ridgeback Dog<\/td><td>Thai Ridgeback Dog<\/td><td>Tajski grebenar<\/td><\/tr><\/tbody><\/table><\/figure>\n\n\n\n<p><\/p>\n","protected":false},"excerpt":{"rendered":"<p>Pod okrilje Kluba za nordijske pasme in \u0161pice Slovenije spadajo pasme 5. FCI skupine. Veljavne standarde so objavljeni na spletni strani FCI. 1. Nordijski vle\u010dni psi Originalno ime Angle\u0161ko ime Slovensko ime Canadian Eskimo Dog Canadian Eskimo Dog Kanadski eskimo Gr\u00f8nlandshund Greenland Dog Grenlandec Samoiedskaia Sabaka Samoyed Samojed Alaskan Malamute Alaskan Malamute Alja\u0161ki malamut Siberian&hellip; <br \/> <a class=\"read-more\" href=\"https:\/\/fci5klub.si\/?page_id=24\">Read more<\/a><\/p>\n","protected":false},"author":1,"featured_media":0,"parent":0,"menu_order":0,"comment_status":"closed","ping_status":"closed","template":"","meta":{"footnotes":""},"class_list":["post-24","page","type-page","status-publish","hentry"],"aioseo_notices":[],"_links":{"self":[{"href":"https:\/\/fci5klub.si\/index.php?rest_route=\/wp\/v2\/pages\/24","targetHints":{"allow":["GET"]}}],"collection":[{"href":"https:\/\/fci5klub.si\/index.php?rest_route=\/wp\/v2\/pages"}],"about":[{"href":"https:\/\/fci5klub.si\/index.php?rest_route=\/wp\/v2\/types\/page"}],"author":[{"embeddable":true,"href":"https:\/\/fci5klub.si\/index.php?rest_route=\/wp\/v2\/users\/1"}],"replies":[{"embeddable":true,"href":"https:\/\/fci5klub.si\/index.php?rest_route=%2Fwp%2Fv2%2Fcomments&post=24"}],"version-history":[{"count":8,"href":"https:\/\/fci5klub.si\/index.php?rest_route=\/wp\/v2\/pages\/24\/revisions"}],"predecessor-version":[{"id":271,"href":"https:\/\/fci5klub.si\/index.php?rest_route=\/wp\/v2\/pages\/24\/revisions\/271"}],"wp:attachment":[{"href":"https:\/\/fci5klub.si\/index.php?rest_route=%2Fwp%2Fv2%2Fmedia&parent=24"}],"curies":[{"name":"wp","href":"https:\/\/api.w.org\/{rel}","templated":true}]}}